{"id":404,"date":"2024-09-25T23:13:06","date_gmt":"2024-09-25T21:13:06","guid":{"rendered":"https:\/\/www.ginettebarrantes.com\/?page_id=404"},"modified":"2024-10-21T17:14:23","modified_gmt":"2024-10-21T23:14:23","slug":"reconocimientos","status":"publish","type":"page","link":"https:\/\/www.ginettebarrantes.com\/index.php\/reconocimientos\/","title":{"rendered":"Reconocimientos"},"content":{"rendered":"\n<p>Premio al mejor ensayo en Psicolog\u00eda. Colegio de Psic\u00f3logos. Consejo Nacional de Investigaci\u00f3n de Ciencia y Tecnolog\u00eda (CONICIT).<\/p>\n\n\n\n<p>Reconocimiento a los aportes a la formaci\u00f3n profesional, de la Carrera de Trabajo Social, de la Sede Guanacaste, Universidad de Costa Rica.<\/p>\n\n\n\n<p>Invitada como Editora Asociada de la Psicolog\u00eda y Salud de Instituto de Investigaciones Psicol\u00f3gicas de la Universidad Veracruzana.<\/p>\n\n\n\n<p>Reconocimiento de la Comunidad de Granadilla por SALUDARTE-ESCUCHARTE, Programa Comunitario de Prevenci\u00f3n de la Salud a trav\u00e9s del arte, en el Ier Nivel de Atenci\u00f3n. CCSS\/ PAIS\/UCR.<\/p>\n\n\n\n<p>2016.&nbsp; Medalla de Caballero de las artes y las Letras. Ministerio de Cultura. Francia.<\/p>\n\n\n\n<p>Actualmente, es parte de ABRIENDO BRECHA -frayage\u2013 junto con Rub\u00e9n Quepfert (elp Uruguay), donde exponen investigadores y escritores, online, de diversos pa\u00edses.<\/p>\n\n\n\n<p><\/p>\n","protected":false},"excerpt":{"rendered":"<p>Premio al mejor ensayo en Psicolog\u00eda. Colegio de Psic\u00f3logos. Consejo Nacional de Investigaci\u00f3n de Ciencia y Tecnolog\u00eda (CONICIT). Reconocimiento a los aportes a la formaci\u00f3n profesional, de la Carrera de Trabajo Social, de la Sede Guanacaste, Universidad de Costa Rica. Invitada como Editora Asociada de la Psicolog\u00eda y Salud de Instituto de Investigaciones Psicol\u00f3gicas de &hellip; <\/p>\n<p class=\"link-more\"><a href=\"https:\/\/www.ginettebarrantes.com\/index.php\/reconocimientos\/\" class=\"more-link\">Leer m\u00e1s<span class=\"screen-reader-text\"> \u00abReconocimientos\u00bb<\/span><\/a><\/p>\n","protected":false},"author":1,"featured_media":6738,"parent":0,"menu_order":0,"comment_status":"closed","ping_status":"closed","template":"","meta":{"footnotes":""},"class_list":["post-404","page","type-page","status-publish","has-post-thumbnail","hentry"],"featured_media_urls":{"thumbnail":["https:\/\/www.ginettebarrantes.com\/wp-content\/uploads\/2024\/10\/IMG_8288-rotated-1-150x150.jpg",150,150,true],"medium":["https:\/\/www.ginettebarrantes.com\/wp-content\/uploads\/2024\/10\/IMG_8288-rotated-1-225x300.jpg",225,300,true],"medium_large":["https:\/\/www.ginettebarrantes.com\/wp-content\/uploads\/2024\/10\/IMG_8288-rotated-1.jpg",480,640,false],"large":["https:\/\/www.ginettebarrantes.com\/wp-content\/uploads\/2024\/10\/IMG_8288-rotated-1.jpg",480,640,false],"1536x1536":["https:\/\/www.ginettebarrantes.com\/wp-content\/uploads\/2024\/10\/IMG_8288-rotated-1.jpg",480,640,false],"2048x2048":["https:\/\/www.ginettebarrantes.com\/wp-content\/uploads\/2024\/10\/IMG_8288-rotated-1.jpg",480,640,false],"issuem-cover-image":["https:\/\/www.ginettebarrantes.com\/wp-content\/uploads\/2024\/10\/IMG_8288-rotated-1-200x268.jpg",200,268,true],"issuem-featured-rotator-image":["https:\/\/www.ginettebarrantes.com\/wp-content\/uploads\/2024\/10\/IMG_8288-rotated-1-480x338.jpg",480,338,true],"issuem-featured-thumb-image":["https:\/\/www.ginettebarrantes.com\/wp-content\/uploads\/2024\/10\/IMG_8288-rotated-1-160x120.jpg",160,120,true],"inspiro-featured-image":["https:\/\/www.ginettebarrantes.com\/wp-content\/uploads\/2024\/10\/IMG_8288-rotated-1.jpg",480,640,false],"inspiro-loop":["https:\/\/www.ginettebarrantes.com\/wp-content\/uploads\/2024\/10\/IMG_8288-rotated-1-480x320.jpg",480,320,true],"inspiro-loop@2x":["https:\/\/www.ginettebarrantes.com\/wp-content\/uploads\/2024\/10\/IMG_8288-rotated-1.jpg",480,640,false],"portfolio_item-thumbnail":["https:\/\/www.ginettebarrantes.com\/wp-content\/uploads\/2024\/10\/IMG_8288-rotated-1-480x400.jpg",480,400,true],"portfolio_item-thumbnail@2x":["https:\/\/www.ginettebarrantes.com\/wp-content\/uploads\/2024\/10\/IMG_8288-rotated-1.jpg",480,640,false],"portfolio_item-masonry":["https:\/\/www.ginettebarrantes.com\/wp-content\/uploads\/2024\/10\/IMG_8288-rotated-1.jpg",480,640,false],"portfolio_item-masonry@2x":["https:\/\/www.ginettebarrantes.com\/wp-content\/uploads\/2024\/10\/IMG_8288-rotated-1.jpg",480,640,false],"portfolio_item-thumbnail_cinema":["https:\/\/www.ginettebarrantes.com\/wp-content\/uploads\/2024\/10\/IMG_8288-rotated-1-480x335.jpg",480,335,true],"portfolio_item-thumbnail_portrait":["https:\/\/www.ginettebarrantes.com\/wp-content\/uploads\/2024\/10\/IMG_8288-rotated-1.jpg",480,640,false],"portfolio_item-thumbnail_portrait@2x":["https:\/\/www.ginettebarrantes.com\/wp-content\/uploads\/2024\/10\/IMG_8288-rotated-1.jpg",480,640,false],"portfolio_item-thumbnail_square":["https:\/\/www.ginettebarrantes.com\/wp-content\/uploads\/2024\/10\/IMG_8288-rotated-1.jpg",480,640,false]},"_links":{"self":[{"href":"https:\/\/www.ginettebarrantes.com\/index.php\/wp-json\/wp\/v2\/pages\/404","targetHints":{"allow":["GET"]}}],"collection":[{"href":"https:\/\/www.ginettebarrantes.com\/index.php\/wp-json\/wp\/v2\/pages"}],"about":[{"href":"https:\/\/www.ginettebarrantes.com\/index.php\/wp-json\/wp\/v2\/types\/page"}],"author":[{"embeddable":true,"href":"https:\/\/www.ginettebarrantes.com\/index.php\/wp-json\/wp\/v2\/users\/1"}],"replies":[{"embeddable":true,"href":"https:\/\/www.ginettebarrantes.com\/index.php\/wp-json\/wp\/v2\/comments?post=404"}],"version-history":[{"count":3,"href":"https:\/\/www.ginettebarrantes.com\/index.php\/wp-json\/wp\/v2\/pages\/404\/revisions"}],"predecessor-version":[{"id":6737,"href":"https:\/\/www.ginettebarrantes.com\/index.php\/wp-json\/wp\/v2\/pages\/404\/revisions\/6737"}],"wp:featuredmedia":[{"embeddable":true,"href":"https:\/\/www.ginettebarrantes.com\/index.php\/wp-json\/wp\/v2\/media\/6738"}],"wp:attachment":[{"href":"https:\/\/www.ginettebarrantes.com\/index.php\/wp-json\/wp\/v2\/media?parent=404"}],"curies":[{"name":"wp","href":"https:\/\/api.w.org\/{rel}","templated":true}]}}